{"id":167,"date":"2021-06-14T16:27:17","date_gmt":"2021-06-14T16:27:17","guid":{"rendered":"https:\/\/jehonaemalesise.org\/?page_id=167"},"modified":"2021-09-13T18:56:01","modified_gmt":"2021-09-13T18:56:01","slug":"membership","status":"publish","type":"page","link":"https:\/\/jehonaemalesise.org\/sq\/membership\/","title":{"rendered":"An\u00ebtar\u00ebsimi"},"content":{"rendered":"<div data-elementor-type=\"wp-page\" data-elementor-id=\"167\" class=\"elementor elementor-167\">\n\t\t\t\t\t\t<section class=\"elementor-section elementor-top-section elementor-element elementor-element-3cb8d0e4 elementor-section-content-middle elementor-section-boxed elementor-section-height-default elementor-section-height-default\" data-id=\"3cb8d0e4\" data-element_type=\"section\" data-e-type=\"section\">\n\t\t\t\t\t\t<div class=\"elementor-container elementor-column-gap-no\">\n\t\t\t\t\t<div class=\"elementor-column elementor-col-100 elementor-top-column elementor-element elementor-element-417b8990\" data-id=\"417b8990\" data-element_type=\"column\" data-e-type=\"column\">\n\t\t\t<div class=\"elementor-widget-wrap elementor-element-populated\">\n\t\t\t\t\t\t<div class=\"elementor-element elementor-element-62d00d30 elementor-widget elementor-widget-heading\" data-id=\"62d00d30\" data-element_type=\"widget\" data-e-type=\"widget\" data-widget_type=\"heading.default\">\n\t\t\t\t<div class=\"elementor-widget-container\">\n\t\t\t\t\t<h4 class=\"elementor-heading-title elementor-size-default\">Detajet e An\u00ebtar\u00ebsimit<\/h4>\t\t\t\t<\/div>\n\t\t\t\t<\/div>\n\t\t\t\t<div class=\"elementor-element elementor-element-6a89048 elementor-widget elementor-widget-text-editor\" data-id=\"6a89048\" data-element_type=\"widget\" data-e-type=\"widget\" data-widget_type=\"text-editor.default\">\n\t\t\t\t<div class=\"elementor-widget-container\">\n\t\t\t\t\t\t\t\t\t<p>Duke u b\u00ebr\u00eb an\u00ebtar, ju do siguroni mb\u00ebshtetje jetike Jehon\u00ebs s\u00eb Mal\u00ebsis\u00eb dhe misionit t\u00eb saj p\u00ebr t\u00eb p\u00ebrmir\u00ebsuar gjendjen e komunitetit n\u00eb Atdhe dhe jasht\u00eb saj. T\u00eb bashkuar p\u00ebrmes idealeve tona t\u00eb p\u00ebrbashk\u00ebta me vendosm\u00ebri, p\u00ebrkushtim dhe sh\u00ebrbim ne mund t\u00eb ndihmojm\u00eb komunitetin t\u00eb vazhdoj\u00eb zhvidhimin dhe p\u00ebrmirsimin e pozicionit kund\u00ebr diskriminimit dhe padrejt\u00ebsis\u00eb.<\/p>\t\t\t\t\t\t\t\t<\/div>\n\t\t\t\t<\/div>\n\t\t\t\t<div class=\"elementor-element elementor-element-3d29b493 elementor-align-center elementor-widget elementor-widget-button\" data-id=\"3d29b493\" data-element_type=\"widget\" data-e-type=\"widget\" data-widget_type=\"button.default\">\n\t\t\t\t<div class=\"elementor-widget-container\">\n\t\t\t\t\t\t\t\t\t<div class=\"elementor-button-wrapper\">\n\t\t\t\t\t<a class=\"elementor-button elementor-button-link elementor-size-sm elementor-animation-grow\" href=\"https:\/\/jehonaemalesise.org\/sq\/membership-account\/membership-levels\/\">\n\t\t\t\t\t\t<span class=\"elementor-button-content-wrapper\">\n\t\t\t\t\t\t\t\t\t<span class=\"elementor-button-text\">Bashkohu tani<\/span>\n\t\t\t\t\t<\/span>\n\t\t\t\t\t<\/a>\n\t\t\t\t<\/div>\n\t\t\t\t\t\t\t\t<\/div>\n\t\t\t\t<\/div>\n\t\t\t\t\t<\/div>\n\t\t<\/div>\n\t\t\t\t\t<\/div>\n\t\t<\/section>\n\t\t\t\t<\/div>","protected":false},"excerpt":{"rendered":"<p>Membership Details By becoming a member, you will provide vital support to Jehona e Mal\u00ebsis\u00eb and our mission to improve the standing of our community in the Homeland and abroad. United through our shared ideals with resolve, dedication and service we can help our community continue to thrive and our Homeland Improve their position to&hellip; <a class=\"more-link\" href=\"https:\/\/jehonaemalesise.org\/sq\/membership\/\">Vazhdoni me leximin e <span class=\"screen-reader-text\">An\u00ebtar\u00ebsimi<\/span><\/a><\/p>","protected":false},"author":1,"featured_media":0,"parent":0,"menu_order":0,"comment_status":"closed","ping_status":"closed","template":"elementor_header_footer","meta":{"pmpro_default_level":"","footnotes":""},"class_list":["post-167","page","type-page","status-publish","hentry","pmpro-has-access","entry"],"_links":{"self":[{"href":"https:\/\/jehonaemalesise.org\/sq\/wp-json\/wp\/v2\/pages\/167","targetHints":{"allow":["GET"]}}],"collection":[{"href":"https:\/\/jehonaemalesise.org\/sq\/wp-json\/wp\/v2\/pages"}],"about":[{"href":"https:\/\/jehonaemalesise.org\/sq\/wp-json\/wp\/v2\/types\/page"}],"author":[{"embeddable":true,"href":"https:\/\/jehonaemalesise.org\/sq\/wp-json\/wp\/v2\/users\/1"}],"replies":[{"embeddable":true,"href":"https:\/\/jehonaemalesise.org\/sq\/wp-json\/wp\/v2\/comments?post=167"}],"version-history":[{"count":55,"href":"https:\/\/jehonaemalesise.org\/sq\/wp-json\/wp\/v2\/pages\/167\/revisions"}],"predecessor-version":[{"id":417,"href":"https:\/\/jehonaemalesise.org\/sq\/wp-json\/wp\/v2\/pages\/167\/revisions\/417"}],"wp:attachment":[{"href":"https:\/\/jehonaemalesise.org\/sq\/wp-json\/wp\/v2\/media?parent=167"}],"curies":[{"name":"wp","href":"https:\/\/api.w.org\/{rel}","templated":true}]}}