{"id":40,"date":"2021-06-10T02:08:23","date_gmt":"2021-06-10T02:08:23","guid":{"rendered":"https:\/\/jehonaemalesise.org\/?page_id=40"},"modified":"2022-04-10T00:29:45","modified_gmt":"2022-04-10T00:29:45","slug":"home-pagee","status":"publish","type":"page","link":"https:\/\/jehonaemalesise.org\/sq\/","title":{"rendered":"Faqja kryesore"},"content":{"rendered":"<div data-elementor-type=\"wp-page\" data-elementor-id=\"40\" class=\"elementor elementor-40\">\n\t\t\t\t\t\t<section class=\"elementor-section elementor-top-section elementor-element elementor-element-4673921c elementor-section-content-middle elementor-section-stretched elementor-section-boxed elementor-section-height-default elementor-section-height-default\" data-id=\"4673921c\" data-element_type=\"section\" data-e-type=\"section\" data-settings=\"{&quot;stretch_section&quot;:&quot;section-stretched&quot;}\">\n\t\t\t\t\t\t<div class=\"elementor-container elementor-column-gap-extended\">\n\t\t\t\t\t<div class=\"elementor-column elementor-col-50 elementor-top-column elementor-element elementor-element-77d8a6eb\" data-id=\"77d8a6eb\" data-element_type=\"column\" data-e-type=\"column\">\n\t\t\t<div class=\"elementor-widget-wrap elementor-element-populated\">\n\t\t\t\t\t\t<div class=\"elementor-element elementor-element-386a8e1e elementor-widget elementor-widget-image\" data-id=\"386a8e1e\" data-element_type=\"widget\" data-e-type=\"widget\" data-widget_type=\"image.default\">\n\t\t\t\t<div class=\"elementor-widget-container\">\n\t\t\t\t\t\t\t\t\t\t\t\t\t\t\t<img fetchpriority=\"high\" decoding=\"async\" width=\"512\" height=\"512\" src=\"https:\/\/jehonaemalesise.org\/wp-content\/uploads\/2021\/07\/cropped-j4.png\" class=\"attachment-large size-large wp-image-344\" alt=\"\" srcset=\"https:\/\/jehonaemalesise.org\/wp-content\/uploads\/2021\/07\/cropped-j4.png 512w, https:\/\/jehonaemalesise.org\/wp-content\/uploads\/2021\/07\/cropped-j4-300x300.png 300w, https:\/\/jehonaemalesise.org\/wp-content\/uploads\/2021\/07\/cropped-j4-150x150.png 150w, https:\/\/jehonaemalesise.org\/wp-content\/uploads\/2021\/07\/cropped-j4-12x12.png 12w, https:\/\/jehonaemalesise.org\/wp-content\/uploads\/2021\/07\/cropped-j4-450x450.png 450w, https:\/\/jehonaemalesise.org\/wp-content\/uploads\/2021\/07\/cropped-j4-100x100.png 100w, https:\/\/jehonaemalesise.org\/wp-content\/uploads\/2021\/07\/cropped-j4-270x270.png 270w, https:\/\/jehonaemalesise.org\/wp-content\/uploads\/2021\/07\/cropped-j4-192x192.png 192w, https:\/\/jehonaemalesise.org\/wp-content\/uploads\/2021\/07\/cropped-j4-180x180.png 180w, https:\/\/jehonaemalesise.org\/wp-content\/uploads\/2021\/07\/cropped-j4-32x32.png 32w, https:\/\/jehonaemalesise.org\/wp-content\/uploads\/2021\/07\/elementor\/thumbs\/cropped-j4-150x150.png 900w, https:\/\/jehonaemalesise.org\/wp-content\/uploads\/2021\/07\/elementor\/thumbs\/cropped-j4-pbiw80pe7ngnan92jnxkfb1ihr34sk7xihl6e05leo.png 400w\" sizes=\"(max-width: 512px) 100vw, 512px\" style=\"width:100%;height:100%;max-width:512px\" \/>\t\t\t\t\t\t\t\t\t\t\t\t\t\t\t<\/div>\n\t\t\t\t<\/div>\n\t\t\t\t\t<\/div>\n\t\t<\/div>\n\t\t\t\t<div class=\"elementor-column elementor-col-50 elementor-top-column elementor-element elementor-element-30dff013\" data-id=\"30dff013\" data-element_type=\"column\" data-e-type=\"column\">\n\t\t\t<div class=\"elementor-widget-wrap elementor-element-populated\">\n\t\t\t\t\t\t<div class=\"elementor-element elementor-element-69b4b645 elementor-widget elementor-widget-heading\" data-id=\"69b4b645\" data-element_type=\"widget\" data-e-type=\"widget\" data-widget_type=\"heading.default\">\n\t\t\t\t<div class=\"elementor-widget-container\">\n\t\t\t\t\t<h2 class=\"elementor-heading-title elementor-size-default\">For a Bright Future.<\/h2>\t\t\t\t<\/div>\n\t\t\t\t<\/div>\n\t\t\t\t<div class=\"elementor-element elementor-element-65d72551 elementor-widget elementor-widget-text-editor\" data-id=\"65d72551\" data-element_type=\"widget\" data-e-type=\"widget\" data-widget_type=\"text-editor.default\">\n\t\t\t\t<div class=\"elementor-widget-container\">\n\t\t\t\t\t\t\t\t\t<p>Jehona e Mal\u00ebsis\u00eb is a non-profit organization helping the Albanian community in collaboration to develop, strengthen, and advance educational, cultural, social and economic wellbeing.<\/p>\t\t\t\t\t\t\t\t<\/div>\n\t\t\t\t<\/div>\n\t\t\t\t<div class=\"elementor-element elementor-element-443ee6e1 elementor-align-left elementor-widget elementor-widget-button\" data-id=\"443ee6e1\" data-element_type=\"widget\" data-e-type=\"widget\" data-widget_type=\"button.default\">\n\t\t\t\t<div class=\"elementor-widget-container\">\n\t\t\t\t\t\t\t\t\t<div class=\"elementor-button-wrapper\">\n\t\t\t\t\t<a class=\"elementor-button elementor-button-link elementor-size-md\" href=\"https:\/\/jehonaemalesise.org\/sq\/about-us\/\">\n\t\t\t\t\t\t<span class=\"elementor-button-content-wrapper\">\n\t\t\t\t\t\t<span class=\"elementor-button-icon\">\n\t\t\t\t<i aria-hidden=\"true\" class=\"fas fa-long-arrow-alt-right\"><\/i>\t\t\t<\/span>\n\t\t\t\t\t\t\t\t\t<span class=\"elementor-button-text\">P\u00ebr m\u00eb shum\u00eb<\/span>\n\t\t\t\t\t<\/span>\n\t\t\t\t\t<\/a>\n\t\t\t\t<\/div>\n\t\t\t\t\t\t\t\t<\/div>\n\t\t\t\t<\/div>\n\t\t\t\t\t<\/div>\n\t\t<\/div>\n\t\t\t\t\t<\/div>\n\t\t<\/section>\n\t\t\t\t<\/div>","protected":false},"excerpt":{"rendered":"<p>For a Bright Future. Jehona e Mal\u00ebsis\u00eb is a non-profit organization helping the Albanian community in collaboration to develop, strengthen, and advance educational, cultural, social and economic wellbeing. Learn more<\/p>","protected":false},"author":1,"featured_media":0,"parent":0,"menu_order":0,"comment_status":"closed","ping_status":"closed","template":"elementor_header_footer","meta":{"pmpro_default_level":"","footnotes":""},"class_list":["post-40","page","type-page","status-publish","hentry","pmpro-has-access","entry"],"_links":{"self":[{"href":"https:\/\/jehonaemalesise.org\/sq\/wp-json\/wp\/v2\/pages\/40","targetHints":{"allow":["GET"]}}],"collection":[{"href":"https:\/\/jehonaemalesise.org\/sq\/wp-json\/wp\/v2\/pages"}],"about":[{"href":"https:\/\/jehonaemalesise.org\/sq\/wp-json\/wp\/v2\/types\/page"}],"author":[{"embeddable":true,"href":"https:\/\/jehonaemalesise.org\/sq\/wp-json\/wp\/v2\/users\/1"}],"replies":[{"embeddable":true,"href":"https:\/\/jehonaemalesise.org\/sq\/wp-json\/wp\/v2\/comments?post=40"}],"version-history":[{"count":55,"href":"https:\/\/jehonaemalesise.org\/sq\/wp-json\/wp\/v2\/pages\/40\/revisions"}],"predecessor-version":[{"id":697,"href":"https:\/\/jehonaemalesise.org\/sq\/wp-json\/wp\/v2\/pages\/40\/revisions\/697"}],"wp:attachment":[{"href":"https:\/\/jehonaemalesise.org\/sq\/wp-json\/wp\/v2\/media?parent=40"}],"curies":[{"name":"wp","href":"https:\/\/api.w.org\/{rel}","templated":true}]}}